{"id":783,"date":"2023-03-19T02:55:37","date_gmt":"2023-03-19T02:55:37","guid":{"rendered":"https:\/\/cozystay.loftocean.com\/island-resort\/?page_id=783"},"modified":"2025-07-06T01:31:36","modified_gmt":"2025-07-06T01:31:36","slug":"news","status":"publish","type":"page","link":"https:\/\/casadielsa.com\/tr\/news\/","title":{"rendered":"Haberler"},"content":{"rendered":"<div data-elementor-type=\"wp-page\" data-elementor-id=\"783\" class=\"elementor elementor-783\" data-elementor-post-type=\"page\">\n\t\t\t\t\t\t<section class=\"has_eae_slider elementor-section elementor-top-section elementor-element elementor-element-51b883a elementor-section-height-min-height cs-section-content-fullwidth cs-parallax-on-scroll cs_scroll_y_100 elementor-section-boxed elementor-section-height-default elementor-section-items-middle\" data-eae-slider=\"7955\" data-id=\"51b883a\" data-element_type=\"section\" data-e-type=\"section\" data-settings=\"{&quot;background_background&quot;:&quot;classic&quot;}\" data-cs-parallax-y=\"100\" style=\"background-image: none;\" data-cs-background-image=\"https:\/\/cozystay.loftocean.com\/island-resort\/wp-content\/uploads\/sites\/3\/2023\/05\/siravitplug-MhPJdWYWbWI-unsplash-2.jpg\" data-cs-background-image-alt-text=\"\">\n\t\t\t\t\t\t<div class=\"elementor-container elementor-column-gap-no\">\n\t\t\t\t\t<div class=\"has_eae_slider elementor-column elementor-col-100 elementor-top-column elementor-element elementor-element-f8603f5 dark-color\" data-eae-slider=\"75206\" data-id=\"f8603f5\" data-element_type=\"column\" data-e-type=\"column\">\n\t\t\t<div class=\"elementor-widget-wrap elementor-element-populated\">\n\t\t\t\t\t\t<div class=\"elementor-element elementor-element-5638ee6 elementor-widget elementor-widget-cs_title\" data-id=\"5638ee6\" data-element_type=\"widget\" data-e-type=\"widget\" data-widget_type=\"cs_title.default\">\n\t\t\t\t<div class=\"elementor-widget-container\">\n\t\t\t\t\t\n        <div class=\"cs-title-wrap text-center\">\t            <div class=\"cs-subtitle-wrap\"><span class=\"cs-subtitle color-white\">Latest News & Blog<\/span><\/div>\t            <h1 class=\"cs-title\">\n\t                Our News\t            <\/h1>        <\/div>\t\t\t\t<\/div>\n\t\t\t\t<\/div>\n\t\t\t\t\t<\/div>\n\t\t<\/div>\n\t\t\t\t\t<\/div>\n\t\t<\/section>\n\t\t\t\t<section class=\"has_eae_slider elementor-section elementor-top-section elementor-element elementor-element-4d98f40 elementor-section-boxed elementor-section-height-default elementor-section-height-default\" data-eae-slider=\"95459\" data-id=\"4d98f40\" data-element_type=\"section\" data-e-type=\"section\">\n\t\t\t\t\t\t<div class=\"elementor-container elementor-column-gap-no\">\n\t\t\t\t\t<div class=\"has_eae_slider elementor-column elementor-col-100 elementor-top-column elementor-element elementor-element-a58b2d7\" data-eae-slider=\"47182\" data-id=\"a58b2d7\" data-element_type=\"column\" data-e-type=\"column\">\n\t\t\t<div class=\"elementor-widget-wrap elementor-element-populated\">\n\t\t\t\t\t\t<div class=\"elementor-element elementor-element-03caef0 elementor-widget elementor-widget-cs_blog\" data-id=\"03caef0\" data-element_type=\"widget\" data-e-type=\"widget\" data-widget_type=\"cs_blog.default\">\n\t\t\t\t<div class=\"elementor-widget-container\">\n\t\t\t\t\t\t\t\t\t<div class=\"posts layout-zigzag layout-list img-ratio-3-2 with-border\">\n\t\t\t\t\t\t\t\t\t<div class=\"posts-wrapper\">\n<article class=\"post-2956 post type-post status-publish format-standard hentry category-uncategorized\">\n    \n\t<div class=\"post-content\">\n\t\t<header class=\"post-header\">            <div class=\"meta-wrap\">\t\t\t<div class=\"cat-links\"><a href=\"https:\/\/casadielsa.com\/tr\/category\/uncategorized\/\" rel=\"tag\">Uncategorized<\/a><\/div>            <\/div>    <h2 class=\"post-title\">\n        <a href=\"https:\/\/casadielsa.com\/tr\/cycling-in-kos-one-of-the-best-cycling-islands-in-greece\/\">Best Cycling Routes in Kos<\/a>\n    <\/h2>\t\t<\/header>\t\t<div class=\"post-excerpt\"><p>Best cycling routes in Kos Cycling is not only popular among tourists but is also a part of everyday life for many locals. Visitors quickly &#8230;<\/p>\n<\/div>             <footer class=\"post-footer\">        <div class=\"more-btn\">\n            <a class=\"read-more-btn button cs-btn-underline\" href=\"https:\/\/casadielsa.com\/tr\/cycling-in-kos-one-of-the-best-cycling-islands-in-greece\/\"><span>Read More<\/span><\/a>\n        <\/div>            <\/footer>\t<\/div>\n<\/article>\n\n<article class=\"post-2735 post type-post status-publish format-gallery has-post-thumbnail hentry category-news category-sightseeing tag-mountain tag-nature tag-special-events tag-summer post_format-post-format-gallery\">\n            <div class=\"featured-img\">\n            <a href=\"https:\/\/casadielsa.com\/tr\/kos-adasi-kisa-bilgi\/\">\t\t\t\t\t\t\t<ul class=\"thumbnail-gallery single-img-gallery\">\t\t\t\t\t\t\t\t\t<li class=\"first\"><img fetchpriority=\"high\" decoding=\"async\" width=\"1920\" height=\"1280\" src=\"https:\/\/casadielsa.com\/wp-content\/uploads\/2023\/05\/galen-crout-anPsLBVvZ_o-unsplash.jpg\" class=\"skip-lazy\" alt=\"galen-crout-anPsLBVvZ_o-unsplash\" srcset=\"https:\/\/casadielsa.com\/wp-content\/uploads\/2023\/05\/galen-crout-anPsLBVvZ_o-unsplash.jpg 1920w, https:\/\/casadielsa.com\/wp-content\/uploads\/2023\/05\/galen-crout-anPsLBVvZ_o-unsplash-150x100.jpg 150w, https:\/\/casadielsa.com\/wp-content\/uploads\/2023\/05\/galen-crout-anPsLBVvZ_o-unsplash-600x400.jpg 600w, https:\/\/casadielsa.com\/wp-content\/uploads\/2023\/05\/galen-crout-anPsLBVvZ_o-unsplash-300x200.jpg 300w, https:\/\/casadielsa.com\/wp-content\/uploads\/2023\/05\/galen-crout-anPsLBVvZ_o-unsplash-1024x683.jpg 1024w, https:\/\/casadielsa.com\/wp-content\/uploads\/2023\/05\/galen-crout-anPsLBVvZ_o-unsplash-768x512.jpg 768w, https:\/\/casadielsa.com\/wp-content\/uploads\/2023\/05\/galen-crout-anPsLBVvZ_o-unsplash-1536x1024.jpg 1536w, https:\/\/casadielsa.com\/wp-content\/uploads\/2023\/05\/galen-crout-anPsLBVvZ_o-unsplash-1440x960.jpg 1440w, https:\/\/casadielsa.com\/wp-content\/uploads\/2023\/05\/galen-crout-anPsLBVvZ_o-unsplash-1200x800.jpg 1200w, https:\/\/casadielsa.com\/wp-content\/uploads\/2023\/05\/galen-crout-anPsLBVvZ_o-unsplash-780x520.jpg 780w, https:\/\/casadielsa.com\/wp-content\/uploads\/2023\/05\/galen-crout-anPsLBVvZ_o-unsplash-550x367.jpg 550w, https:\/\/casadielsa.com\/wp-content\/uploads\/2023\/05\/galen-crout-anPsLBVvZ_o-unsplash-370x247.jpg 370w, https:\/\/casadielsa.com\/wp-content\/uploads\/2023\/05\/galen-crout-anPsLBVvZ_o-unsplash-255x170.jpg 255w\" sizes=\"(max-width: 1920px) 100vw, 1920px\" \/>\t\t\t\t\t\t\t\t\t<\/li>\t\t\t\t\t\t\t\t\t<li class=\"hide\"><img decoding=\"async\" width=\"1920\" height=\"1280\" src=\"https:\/\/casadielsa.com\/wp-content\/uploads\/2023\/05\/alexander-kaunas-G6eXUCi8JgA-unsplash.jpg\" class=\"skip-lazy\" alt=\"Temas etmek\" srcset=\"https:\/\/casadielsa.com\/wp-content\/uploads\/2023\/05\/alexander-kaunas-G6eXUCi8JgA-unsplash.jpg 1920w, https:\/\/casadielsa.com\/wp-content\/uploads\/2023\/05\/alexander-kaunas-G6eXUCi8JgA-unsplash-150x100.jpg 150w, https:\/\/casadielsa.com\/wp-content\/uploads\/2023\/05\/alexander-kaunas-G6eXUCi8JgA-unsplash-600x400.jpg 600w, https:\/\/casadielsa.com\/wp-content\/uploads\/2023\/05\/alexander-kaunas-G6eXUCi8JgA-unsplash-300x200.jpg 300w, https:\/\/casadielsa.com\/wp-content\/uploads\/2023\/05\/alexander-kaunas-G6eXUCi8JgA-unsplash-1024x683.jpg 1024w, https:\/\/casadielsa.com\/wp-content\/uploads\/2023\/05\/alexander-kaunas-G6eXUCi8JgA-unsplash-768x512.jpg 768w, https:\/\/casadielsa.com\/wp-content\/uploads\/2023\/05\/alexander-kaunas-G6eXUCi8JgA-unsplash-1536x1024.jpg 1536w, https:\/\/casadielsa.com\/wp-content\/uploads\/2023\/05\/alexander-kaunas-G6eXUCi8JgA-unsplash-1440x960.jpg 1440w, https:\/\/casadielsa.com\/wp-content\/uploads\/2023\/05\/alexander-kaunas-G6eXUCi8JgA-unsplash-1200x800.jpg 1200w, https:\/\/casadielsa.com\/wp-content\/uploads\/2023\/05\/alexander-kaunas-G6eXUCi8JgA-unsplash-780x520.jpg 780w, https:\/\/casadielsa.com\/wp-content\/uploads\/2023\/05\/alexander-kaunas-G6eXUCi8JgA-unsplash-550x367.jpg 550w, https:\/\/casadielsa.com\/wp-content\/uploads\/2023\/05\/alexander-kaunas-G6eXUCi8JgA-unsplash-370x247.jpg 370w, https:\/\/casadielsa.com\/wp-content\/uploads\/2023\/05\/alexander-kaunas-G6eXUCi8JgA-unsplash-255x170.jpg 255w\" sizes=\"(max-width: 1920px) 100vw, 1920px\" \/>\t\t\t\t\t\t\t\t\t<\/li>\t\t\t\t\t\t\t<\/ul>\n\t\t\t\t\t\t\t<\/a>\n            <div class=\"slider-arrows\"><\/div>\n            <div class=\"slider-dots\"><\/div>            <div class=\"overlay-label time-label featured-style\">\n                <div class=\"meta-item time\">\n                    <time class=\"published\" datetime=\"2025-07-17T06:44:36+00:00\">\n                        <span class=\"month\">Tem<\/span> <span class=\"day\">17<\/span>\n                    <\/time>\n                <\/div>\n            <\/div>        <\/div>\n\t<div class=\"post-content\">\n\t\t<header class=\"post-header\">            <div class=\"meta-wrap\">\t\t\t<div class=\"cat-links\"><a href=\"https:\/\/casadielsa.com\/tr\/category\/news\/\" rel=\"tag\">Haberler<\/a> <a href=\"https:\/\/casadielsa.com\/tr\/category\/sightseeing\/\" rel=\"tag\">Sightseeing<\/a><\/div>            <\/div>    <h2 class=\"post-title\">\n        <a href=\"https:\/\/casadielsa.com\/tr\/kos-adasi-kisa-bilgi\/\">KOS ADASI KISA B\u0130LG\u0130<\/a>\n    <\/h2>\t\t<\/header>\t\t<div class=\"post-excerpt\"><p>Merhabalar, Kos\u2019ta kalaca\u011f\u0131n\u0131z 3 gece 4 g\u00fcn i\u00e7inde size a\u015fa\u011f\u0131daki aktivitelerden zevkinize uygun olanlar\u0131 yapman\u0131z\u0131 tavsiye ediyorum. Mama Rosa : Pizza \u2013 Kanari Caddesinde , &#8230;<\/p>\n<\/div>             <footer class=\"post-footer\">        <div class=\"more-btn\">\n            <a class=\"read-more-btn button cs-btn-underline\" href=\"https:\/\/casadielsa.com\/tr\/kos-adasi-kisa-bilgi\/\"><span>Read More<\/span><\/a>\n        <\/div>            <\/footer>\t<\/div>\n<\/article>\n\n<article class=\"post-1 post type-post status-publish format-standard hentry category-uncategorized\">\n    \n\t<div class=\"post-content\">\n\t\t<header class=\"post-header\">            <div class=\"meta-wrap\">\t\t\t<div class=\"cat-links\"><a href=\"https:\/\/casadielsa.com\/tr\/category\/uncategorized\/\" rel=\"tag\">Uncategorized<\/a><\/div>            <\/div>    <h2 class=\"post-title\">\n        <a href=\"https:\/\/casadielsa.com\/tr\/hello-world\/\">Hello world!<\/a>\n    <\/h2>\t\t<\/header>\t\t<div class=\"post-excerpt\"><p>Welcome to WordPress. This is your first post. Edit or delete it, then start writing!<\/p>\n<\/div>             <footer class=\"post-footer\">        <div class=\"more-btn\">\n            <a class=\"read-more-btn button cs-btn-underline\" href=\"https:\/\/casadielsa.com\/tr\/hello-world\/\"><span>Read More<\/span><\/a>\n        <\/div>            <\/footer>\t<\/div>\n<\/article>\n\t\t\t\t<\/div>\t\t\t\t<\/div>\t\t\t\t<\/div>\n\t\t\t\t<\/div>\n\t\t\t\t\t<\/div>\n\t\t<\/div>\n\t\t\t\t\t<\/div>\n\t\t<\/section>\n\t\t\t\t<\/div>","protected":false},"excerpt":{"rendered":"<p>Latest News &#038; Blog Our News Apr 26 News Sightseeing Pacific Scenery in Summer Lorem ipsum dolor sit amet, consectetuer adipiscing elit. Aenean commodo ligula eget dolor. Aenean massa. Cum sociis natoque penatibus et magnis dis parturient montes, nascetur &#8230; Read More Apr 16 Dining News Our New Chef and Spring Special Menu Lorem ipsum &#8230;<\/p>","protected":false},"author":1,"featured_media":0,"parent":0,"menu_order":0,"comment_status":"closed","ping_status":"closed","template":"template-wide-content.php","meta":{"cozystay_single_page_hide_site_header":"","cozystay_single_page_site_header_source":"","cozystay_single_page_custom_site_header":"0","cozystay_single_page_custom_sticky_site_header":"0","cozystay_single_page_hide_page_title":"on","cozystay_single_page_header_section_size":"","cozystay_single_page_header_background_color":"","cozystay_single_page_header_background_position_x":"center","cozystay_single_page_header_background_position_y":"center","cozystay_single_page_header_background_size":"cover","cozystay_single_page_header_background_repeat":"off","cozystay_single_page_header_background_scroll":"on","cozystay_single_page_header_text_color":"","cozystay_single_page_header_show_breadcrumb":"","cozystay_single_page_site_footer_hide_main":"","cozystay_single_custom_site_footer_main_source":"","cozystay_single_custom_site_footer_main":"0","cozystay_single_page_site_footer_hide_above":"","cozystay_single_custom_site_footer_above_source":"","cozystay_single_custom_site_footer_above":"0","cozystay_single_page_site_footer_hide_instagram":"","cozystay_single_page_site_footer_hide_bottom":"","cozystay_single_custom_mobile_menu_source":"","cozystay_single_custom_mobile_menu":"0","cozystay_single_custom_mobile_menu_animation":"","cozystay_single_custom_mobile_menu_width":"","cozystay_single_custom_mobile_menu_custom_width":375,"footnotes":""},"class_list":["post-783","page","type-page","status-publish","hentry"],"yoast_head":"<!-- This site is optimized with the Yoast SEO Premium plugin v27.2 (Yoast SEO v27.4) - https:\/\/yoast.com\/product\/yoast-seo-premium-wordpress\/ -->\n<title>News - casadielsa.com<\/title>\n<meta name=\"robots\" content=\"index, follow, max-snippet:-1, max-image-preview:large, max-video-preview:-1\" \/>\n<link rel=\"canonical\" href=\"https:\/\/casadielsa.com\/tr\/news\/\" \/>\n<meta property=\"og:locale\" content=\"tr_TR\" \/>\n<meta property=\"og:type\" content=\"article\" \/>\n<meta property=\"og:title\" content=\"News\" \/>\n<meta property=\"og:description\" content=\"Latest News &#038; Blog Our News Apr 26 News Sightseeing Pacific Scenery in Summer Lorem ipsum dolor sit amet, consectetuer adipiscing elit. Aenean commodo ligula eget dolor. Aenean massa. Cum sociis natoque penatibus et magnis dis parturient montes, nascetur &#8230; Read More Apr 16 Dining News Our New Chef and Spring Special Menu Lorem ipsum ...\" \/>\n<meta property=\"og:url\" content=\"https:\/\/casadielsa.com\/tr\/news\/\" \/>\n<meta property=\"og:site_name\" content=\"casadielsa.com\" \/>\n<meta property=\"article:modified_time\" content=\"2025-07-06T01:31:36+00:00\" \/>\n<meta property=\"og:image\" content=\"https:\/\/cozystay.loftocean.com\/island-resort\/wp-content\/uploads\/sites\/3\/2023\/05\/galen-crout-anPsLBVvZ_o-unsplash.jpg\" \/>\n<meta name=\"twitter:card\" content=\"summary_large_image\" \/>\n<meta name=\"twitter:label1\" content=\"Tahmini okuma s\u00fcresi\" \/>\n\t<meta name=\"twitter:data1\" content=\"1 dakika\" \/>\n<script type=\"application\/ld+json\" class=\"yoast-schema-graph\">{\"@context\":\"https:\\\/\\\/schema.org\",\"@graph\":[{\"@type\":\"WebPage\",\"@id\":\"https:\\\/\\\/casadielsa.com\\\/news\\\/\",\"url\":\"https:\\\/\\\/casadielsa.com\\\/news\\\/\",\"name\":\"News - casadielsa.com\",\"isPartOf\":{\"@id\":\"https:\\\/\\\/casadielsa.com\\\/#website\"},\"primaryImageOfPage\":{\"@id\":\"https:\\\/\\\/casadielsa.com\\\/news\\\/#primaryimage\"},\"image\":{\"@id\":\"https:\\\/\\\/casadielsa.com\\\/news\\\/#primaryimage\"},\"thumbnailUrl\":\"http:\\\/\\\/casadielsa.com\\\/wp-content\\\/uploads\\\/2023\\\/05\\\/galen-crout-anPsLBVvZ_o-unsplash.jpg\",\"datePublished\":\"2023-03-19T02:55:37+00:00\",\"dateModified\":\"2025-07-06T01:31:36+00:00\",\"breadcrumb\":{\"@id\":\"https:\\\/\\\/casadielsa.com\\\/news\\\/#breadcrumb\"},\"inLanguage\":\"tr\",\"potentialAction\":[{\"@type\":\"ReadAction\",\"target\":[\"https:\\\/\\\/casadielsa.com\\\/news\\\/\"]}]},{\"@type\":\"ImageObject\",\"inLanguage\":\"tr\",\"@id\":\"https:\\\/\\\/casadielsa.com\\\/news\\\/#primaryimage\",\"url\":\"http:\\\/\\\/casadielsa.com\\\/wp-content\\\/uploads\\\/2023\\\/05\\\/galen-crout-anPsLBVvZ_o-unsplash.jpg\",\"contentUrl\":\"http:\\\/\\\/casadielsa.com\\\/wp-content\\\/uploads\\\/2023\\\/05\\\/galen-crout-anPsLBVvZ_o-unsplash.jpg\"},{\"@type\":\"BreadcrumbList\",\"@id\":\"https:\\\/\\\/casadielsa.com\\\/news\\\/#breadcrumb\",\"itemListElement\":[{\"@type\":\"ListItem\",\"position\":1,\"name\":\"Home\",\"item\":\"https:\\\/\\\/casadielsa.com\\\/\"},{\"@type\":\"ListItem\",\"position\":2,\"name\":\"News\"}]},{\"@type\":\"WebSite\",\"@id\":\"https:\\\/\\\/casadielsa.com\\\/#website\",\"url\":\"https:\\\/\\\/casadielsa.com\\\/\",\"name\":\"casadielsa.com\",\"description\":\"Beautiful Self Catered Studio with all amenities in Lambi, Kos\",\"publisher\":{\"@id\":\"https:\\\/\\\/casadielsa.com\\\/#organization\"},\"potentialAction\":[{\"@type\":\"SearchAction\",\"target\":{\"@type\":\"EntryPoint\",\"urlTemplate\":\"https:\\\/\\\/casadielsa.com\\\/?s={search_term_string}\"},\"query-input\":{\"@type\":\"PropertyValueSpecification\",\"valueRequired\":true,\"valueName\":\"search_term_string\"}}],\"inLanguage\":\"tr\"},{\"@type\":\"Organization\",\"@id\":\"https:\\\/\\\/casadielsa.com\\\/#organization\",\"name\":\"casadielsa.com\",\"url\":\"https:\\\/\\\/casadielsa.com\\\/\",\"logo\":{\"@type\":\"ImageObject\",\"inLanguage\":\"tr\",\"@id\":\"https:\\\/\\\/casadielsa.com\\\/#\\\/schema\\\/logo\\\/image\\\/\",\"url\":\"https:\\\/\\\/casadielsa.com\\\/wp-content\\\/uploads\\\/2025\\\/07\\\/CaSA.Di_.Elsa_.Logo_.888.png\",\"contentUrl\":\"https:\\\/\\\/casadielsa.com\\\/wp-content\\\/uploads\\\/2025\\\/07\\\/CaSA.Di_.Elsa_.Logo_.888.png\",\"width\":300,\"height\":60,\"caption\":\"casadielsa.com\"},\"image\":{\"@id\":\"https:\\\/\\\/casadielsa.com\\\/#\\\/schema\\\/logo\\\/image\\\/\"}}]}<\/script>\n<!-- \/ Yoast SEO Premium plugin. -->","yoast_head_json":{"title":"News - casadielsa.com","robots":{"index":"index","follow":"follow","max-snippet":"max-snippet:-1","max-image-preview":"max-image-preview:large","max-video-preview":"max-video-preview:-1"},"canonical":"https:\/\/casadielsa.com\/tr\/news\/","og_locale":"tr_TR","og_type":"article","og_title":"News","og_description":"Latest News &#038; Blog Our News Apr 26 News Sightseeing Pacific Scenery in Summer Lorem ipsum dolor sit amet, consectetuer adipiscing elit. Aenean commodo ligula eget dolor. Aenean massa. Cum sociis natoque penatibus et magnis dis parturient montes, nascetur &#8230; Read More Apr 16 Dining News Our New Chef and Spring Special Menu Lorem ipsum ...","og_url":"https:\/\/casadielsa.com\/tr\/news\/","og_site_name":"casadielsa.com","article_modified_time":"2025-07-06T01:31:36+00:00","og_image":[{"url":"https:\/\/cozystay.loftocean.com\/island-resort\/wp-content\/uploads\/sites\/3\/2023\/05\/galen-crout-anPsLBVvZ_o-unsplash.jpg","type":"","width":"","height":""}],"twitter_card":"summary_large_image","twitter_misc":{"Tahmini okuma s\u00fcresi":"1 dakika"},"schema":{"@context":"https:\/\/schema.org","@graph":[{"@type":"WebPage","@id":"https:\/\/casadielsa.com\/news\/","url":"https:\/\/casadielsa.com\/news\/","name":"News - casadielsa.com","isPartOf":{"@id":"https:\/\/casadielsa.com\/#website"},"primaryImageOfPage":{"@id":"https:\/\/casadielsa.com\/news\/#primaryimage"},"image":{"@id":"https:\/\/casadielsa.com\/news\/#primaryimage"},"thumbnailUrl":"http:\/\/casadielsa.com\/wp-content\/uploads\/2023\/05\/galen-crout-anPsLBVvZ_o-unsplash.jpg","datePublished":"2023-03-19T02:55:37+00:00","dateModified":"2025-07-06T01:31:36+00:00","breadcrumb":{"@id":"https:\/\/casadielsa.com\/news\/#breadcrumb"},"inLanguage":"tr","potentialAction":[{"@type":"ReadAction","target":["https:\/\/casadielsa.com\/news\/"]}]},{"@type":"ImageObject","inLanguage":"tr","@id":"https:\/\/casadielsa.com\/news\/#primaryimage","url":"http:\/\/casadielsa.com\/wp-content\/uploads\/2023\/05\/galen-crout-anPsLBVvZ_o-unsplash.jpg","contentUrl":"http:\/\/casadielsa.com\/wp-content\/uploads\/2023\/05\/galen-crout-anPsLBVvZ_o-unsplash.jpg"},{"@type":"BreadcrumbList","@id":"https:\/\/casadielsa.com\/news\/#breadcrumb","itemListElement":[{"@type":"ListItem","position":1,"name":"Home","item":"https:\/\/casadielsa.com\/"},{"@type":"ListItem","position":2,"name":"News"}]},{"@type":"WebSite","@id":"https:\/\/casadielsa.com\/#website","url":"https:\/\/casadielsa.com\/","name":"casadielsa.com","description":"Kos adas\u0131n\u0131n Lambi b\u00f6lgesinde, t\u00fcm olanaklara sahip, kendi yeme\u011finizi pi\u015firebilece\u011finiz g\u00fczel bir st\u00fcdyo daire.","publisher":{"@id":"https:\/\/casadielsa.com\/#organization"},"potentialAction":[{"@type":"SearchAction","target":{"@type":"EntryPoint","urlTemplate":"https:\/\/casadielsa.com\/?s={search_term_string}"},"query-input":{"@type":"PropertyValueSpecification","valueRequired":true,"valueName":"search_term_string"}}],"inLanguage":"tr"},{"@type":"Organization","@id":"https:\/\/casadielsa.com\/#organization","name":"casadielsa.com","url":"https:\/\/casadielsa.com\/","logo":{"@type":"ImageObject","inLanguage":"tr","@id":"https:\/\/casadielsa.com\/#\/schema\/logo\/image\/","url":"https:\/\/casadielsa.com\/wp-content\/uploads\/2025\/07\/CaSA.Di_.Elsa_.Logo_.888.png","contentUrl":"https:\/\/casadielsa.com\/wp-content\/uploads\/2025\/07\/CaSA.Di_.Elsa_.Logo_.888.png","width":300,"height":60,"caption":"casadielsa.com"},"image":{"@id":"https:\/\/casadielsa.com\/#\/schema\/logo\/image\/"}}]}},"_links":{"self":[{"href":"https:\/\/casadielsa.com\/tr\/wp-json\/wp\/v2\/pages\/783","targetHints":{"allow":["GET"]}}],"collection":[{"href":"https:\/\/casadielsa.com\/tr\/wp-json\/wp\/v2\/pages"}],"about":[{"href":"https:\/\/casadielsa.com\/tr\/wp-json\/wp\/v2\/types\/page"}],"author":[{"embeddable":true,"href":"https:\/\/casadielsa.com\/tr\/wp-json\/wp\/v2\/users\/1"}],"replies":[{"embeddable":true,"href":"https:\/\/casadielsa.com\/tr\/wp-json\/wp\/v2\/comments?post=783"}],"version-history":[{"count":1,"href":"https:\/\/casadielsa.com\/tr\/wp-json\/wp\/v2\/pages\/783\/revisions"}],"predecessor-version":[{"id":2324,"href":"https:\/\/casadielsa.com\/tr\/wp-json\/wp\/v2\/pages\/783\/revisions\/2324"}],"wp:attachment":[{"href":"https:\/\/casadielsa.com\/tr\/wp-json\/wp\/v2\/media?parent=783"}],"curies":[{"name":"wp","href":"https:\/\/api.w.org\/{rel}","templated":true}]}}